{"id":4,"date":"2023-06-16T11:14:48","date_gmt":"2023-06-16T09:14:48","guid":{"rendered":"http:\/\/demos.famethemes.com\/onepress\/?page_id=4"},"modified":"2023-06-16T11:16:20","modified_gmt":"2023-06-16T09:16:20","slug":"accueil","status":"publish","type":"page","link":"https:\/\/delacrea.fr\/2019\/","title":{"rendered":"Accueil"},"content":{"rendered":"","protected":false},"excerpt":{"rendered":"","protected":false},"author":2,"featured_media":0,"parent":0,"menu_order":0,"comment_status":"closed","ping_status":"closed","template":"template-frontpage.php","meta":{"footnotes":""},"class_list":["post-4","page","type-page","status-publish","hentry"],"yoast_head":"<!-- This site is optimized with the Yoast SEO plugin v27.3 - https:\/\/yoast.com\/product\/yoast-seo-wordpress\/ -->\n<title>Accueil - Delacrea<\/title>\n<meta name=\"description\" content=\"Delacrea, sp\u00e9cialis\u00e9e dans la photographie de mariage en Bretagne morbihan (56) et le finist\u00e8re (29), domicili\u00e9 \u00e0 Guidel.\" \/>\n<meta name=\"robots\" content=\"index, follow, max-snippet:-1, max-image-preview:large, max-video-preview:-1\" \/>\n<link rel=\"canonical\" href=\"https:\/\/delacrea.fr\/2019\/\" \/>\n<meta property=\"og:locale\" content=\"fr_FR\" \/>\n<meta property=\"og:type\" content=\"article\" \/>\n<meta property=\"og:title\" content=\"Accueil - Delacrea\" \/>\n<meta property=\"og:description\" content=\"Delacrea, sp\u00e9cialis\u00e9e dans la photographie de mariage en Bretagne morbihan (56) et le finist\u00e8re (29), domicili\u00e9 \u00e0 Guidel.\" \/>\n<meta property=\"og:url\" content=\"https:\/\/delacrea.fr\/2019\/\" \/>\n<meta property=\"og:site_name\" content=\"Delacrea\" \/>\n<meta property=\"article:publisher\" content=\"https:\/\/www.facebook.com\/delacreastephanie\/\" \/>\n<meta property=\"article:modified_time\" content=\"2023-06-16T09:16:20+00:00\" \/>\n<meta name=\"twitter:card\" content=\"summary_large_image\" \/>\n<script type=\"application\/ld+json\" class=\"yoast-schema-graph\">{\"@context\":\"https:\\\/\\\/schema.org\",\"@graph\":[{\"@type\":\"WebPage\",\"@id\":\"https:\\\/\\\/delacrea.fr\\\/2019\\\/\",\"url\":\"https:\\\/\\\/delacrea.fr\\\/2019\\\/\",\"name\":\"Accueil - Delacrea\",\"isPartOf\":{\"@id\":\"https:\\\/\\\/delacrea.fr\\\/2019\\\/#website\"},\"datePublished\":\"2023-06-16T09:14:48+00:00\",\"dateModified\":\"2023-06-16T09:16:20+00:00\",\"description\":\"Delacrea, sp\u00e9cialis\u00e9e dans la photographie de mariage en Bretagne morbihan (56) et le finist\u00e8re (29), domicili\u00e9 \u00e0 Guidel.\",\"breadcrumb\":{\"@id\":\"https:\\\/\\\/delacrea.fr\\\/2019\\\/#breadcrumb\"},\"inLanguage\":\"fr-FR\",\"potentialAction\":[{\"@type\":\"ReadAction\",\"target\":[\"https:\\\/\\\/delacrea.fr\\\/2019\\\/\"]}]},{\"@type\":\"BreadcrumbList\",\"@id\":\"https:\\\/\\\/delacrea.fr\\\/2019\\\/#breadcrumb\",\"itemListElement\":[{\"@type\":\"ListItem\",\"position\":1,\"name\":\"Accueil\",\"item\":\"https:\\\/\\\/delacrea.fr\\\/2019\\\/\"},{\"@type\":\"ListItem\",\"position\":2,\"name\":\"accueil\"}]},{\"@type\":\"WebSite\",\"@id\":\"https:\\\/\\\/delacrea.fr\\\/2019\\\/#website\",\"url\":\"https:\\\/\\\/delacrea.fr\\\/2019\\\/\",\"name\":\"Delacrea - photographe de mariage\",\"description\":\"Photographe d&#039;\u00e9motions\",\"publisher\":{\"@id\":\"https:\\\/\\\/delacrea.fr\\\/2019\\\/#organization\"},\"potentialAction\":[{\"@type\":\"SearchAction\",\"target\":{\"@type\":\"EntryPoint\",\"urlTemplate\":\"https:\\\/\\\/delacrea.fr\\\/2019\\\/?s={search_term_string}\"},\"query-input\":{\"@type\":\"PropertyValueSpecification\",\"valueRequired\":true,\"valueName\":\"search_term_string\"}}],\"inLanguage\":\"fr-FR\"},{\"@type\":\"Organization\",\"@id\":\"https:\\\/\\\/delacrea.fr\\\/2019\\\/#organization\",\"name\":\"Delacrea - photographe de mariage\",\"url\":\"https:\\\/\\\/delacrea.fr\\\/2019\\\/\",\"logo\":{\"@type\":\"ImageObject\",\"inLanguage\":\"fr-FR\",\"@id\":\"https:\\\/\\\/delacrea.fr\\\/2019\\\/#\\\/schema\\\/logo\\\/image\\\/\",\"url\":\"https:\\\/\\\/delacrea.fr\\\/2019\\\/wp-content\\\/uploads\\\/2023\\\/01\\\/cropped-logo-delacrea-2.jpg\",\"contentUrl\":\"https:\\\/\\\/delacrea.fr\\\/2019\\\/wp-content\\\/uploads\\\/2023\\\/01\\\/cropped-logo-delacrea-2.jpg\",\"width\":1064,\"height\":240,\"caption\":\"Delacrea - photographe de mariage\"},\"image\":{\"@id\":\"https:\\\/\\\/delacrea.fr\\\/2019\\\/#\\\/schema\\\/logo\\\/image\\\/\"},\"sameAs\":[\"https:\\\/\\\/www.facebook.com\\\/delacreastephanie\\\/\",\"https:\\\/\\\/www.instagram.com\\\/delacrea\\\/?hl=fr\"]}]}<\/script>\n<!-- \/ Yoast SEO plugin. -->","yoast_head_json":{"title":"Accueil - Delacrea","description":"Delacrea, sp\u00e9cialis\u00e9e dans la photographie de mariage en Bretagne morbihan (56) et le finist\u00e8re (29), domicili\u00e9 \u00e0 Guidel.","robots":{"index":"index","follow":"follow","max-snippet":"max-snippet:-1","max-image-preview":"max-image-preview:large","max-video-preview":"max-video-preview:-1"},"canonical":"https:\/\/delacrea.fr\/2019\/","og_locale":"fr_FR","og_type":"article","og_title":"Accueil - Delacrea","og_description":"Delacrea, sp\u00e9cialis\u00e9e dans la photographie de mariage en Bretagne morbihan (56) et le finist\u00e8re (29), domicili\u00e9 \u00e0 Guidel.","og_url":"https:\/\/delacrea.fr\/2019\/","og_site_name":"Delacrea","article_publisher":"https:\/\/www.facebook.com\/delacreastephanie\/","article_modified_time":"2023-06-16T09:16:20+00:00","twitter_card":"summary_large_image","schema":{"@context":"https:\/\/schema.org","@graph":[{"@type":"WebPage","@id":"https:\/\/delacrea.fr\/2019\/","url":"https:\/\/delacrea.fr\/2019\/","name":"Accueil - Delacrea","isPartOf":{"@id":"https:\/\/delacrea.fr\/2019\/#website"},"datePublished":"2023-06-16T09:14:48+00:00","dateModified":"2023-06-16T09:16:20+00:00","description":"Delacrea, sp\u00e9cialis\u00e9e dans la photographie de mariage en Bretagne morbihan (56) et le finist\u00e8re (29), domicili\u00e9 \u00e0 Guidel.","breadcrumb":{"@id":"https:\/\/delacrea.fr\/2019\/#breadcrumb"},"inLanguage":"fr-FR","potentialAction":[{"@type":"ReadAction","target":["https:\/\/delacrea.fr\/2019\/"]}]},{"@type":"BreadcrumbList","@id":"https:\/\/delacrea.fr\/2019\/#breadcrumb","itemListElement":[{"@type":"ListItem","position":1,"name":"Accueil","item":"https:\/\/delacrea.fr\/2019\/"},{"@type":"ListItem","position":2,"name":"accueil"}]},{"@type":"WebSite","@id":"https:\/\/delacrea.fr\/2019\/#website","url":"https:\/\/delacrea.fr\/2019\/","name":"Delacrea - photographe de mariage","description":"Photographe d&#039;\u00e9motions","publisher":{"@id":"https:\/\/delacrea.fr\/2019\/#organization"},"potentialAction":[{"@type":"SearchAction","target":{"@type":"EntryPoint","urlTemplate":"https:\/\/delacrea.fr\/2019\/?s={search_term_string}"},"query-input":{"@type":"PropertyValueSpecification","valueRequired":true,"valueName":"search_term_string"}}],"inLanguage":"fr-FR"},{"@type":"Organization","@id":"https:\/\/delacrea.fr\/2019\/#organization","name":"Delacrea - photographe de mariage","url":"https:\/\/delacrea.fr\/2019\/","logo":{"@type":"ImageObject","inLanguage":"fr-FR","@id":"https:\/\/delacrea.fr\/2019\/#\/schema\/logo\/image\/","url":"https:\/\/delacrea.fr\/2019\/wp-content\/uploads\/2023\/01\/cropped-logo-delacrea-2.jpg","contentUrl":"https:\/\/delacrea.fr\/2019\/wp-content\/uploads\/2023\/01\/cropped-logo-delacrea-2.jpg","width":1064,"height":240,"caption":"Delacrea - photographe de mariage"},"image":{"@id":"https:\/\/delacrea.fr\/2019\/#\/schema\/logo\/image\/"},"sameAs":["https:\/\/www.facebook.com\/delacreastephanie\/","https:\/\/www.instagram.com\/delacrea\/?hl=fr"]}]}},"_links":{"self":[{"href":"https:\/\/delacrea.fr\/2019\/wp-json\/wp\/v2\/pages\/4","targetHints":{"allow":["GET"]}}],"collection":[{"href":"https:\/\/delacrea.fr\/2019\/wp-json\/wp\/v2\/pages"}],"about":[{"href":"https:\/\/delacrea.fr\/2019\/wp-json\/wp\/v2\/types\/page"}],"author":[{"embeddable":true,"href":"https:\/\/delacrea.fr\/2019\/wp-json\/wp\/v2\/users\/2"}],"replies":[{"embeddable":true,"href":"https:\/\/delacrea.fr\/2019\/wp-json\/wp\/v2\/comments?post=4"}],"version-history":[{"count":1,"href":"https:\/\/delacrea.fr\/2019\/wp-json\/wp\/v2\/pages\/4\/revisions"}],"predecessor-version":[{"id":1757,"href":"https:\/\/delacrea.fr\/2019\/wp-json\/wp\/v2\/pages\/4\/revisions\/1757"}],"wp:attachment":[{"href":"https:\/\/delacrea.fr\/2019\/wp-json\/wp\/v2\/media?parent=4"}],"curies":[{"name":"wp","href":"https:\/\/api.w.org\/{rel}","templated":true}]}}